{"id":425,"date":"2014-09-28T23:24:43","date_gmt":"2014-09-28T21:24:43","guid":{"rendered":"http:\/\/paraestarconel.com\/coro\/?page_id=425"},"modified":"2014-09-28T23:30:37","modified_gmt":"2014-09-28T21:30:37","slug":"cancionero-para-guitarras","status":"publish","type":"page","link":"https:\/\/paraestarconel.com\/coro\/cancionero-para-guitarras\/","title":{"rendered":"Cancionero para Guitarras"},"content":{"rendered":"<p>[et_pb_section][et_pb_row][et_pb_column type=\u00bb1_3&#8243;][et_pb_image admin_label=\u00bbImage_guitarra\u00bb src=\u00bbhttp:\/\/paraestarconel.com\/coro\/wp-content\/uploads\/2014\/09\/guitarra-e1411939433362.jpg\u00bb alt=\u00bbGuitarra\u00bb title_text=\u00bbGuitarra\u00bb show_in_lightbox=\u00bboff\u00bb url_new_window=\u00bboff\u00bb animation=\u00bbleft\u00bb sticky=\u00bbon\u00bb \/][\/et_pb_column][et_pb_column type=\u00bb2_3&#8243;][et_pb_blurb admin_label=\u00bbBlurb\u00bb title=\u00bbCancionero para guitarras\u00bb url_new_window=\u00bboff\u00bb use_icon=\u00bbon\u00bb font_icon=\u00bb\ue08e\u00bb icon_color=\u00bb#000000&#8243; use_circle=\u00bboff\u00bb circle_color=\u00bb#8224e3&#8243; use_circle_border=\u00bboff\u00bb circle_border_color=\u00bb#8224e3&#8243; icon_placement=\u00bbtop\u00bb animation=\u00bbtop\u00bb background_layout=\u00bblight\u00bb text_orientation=\u00bbcenter\u00bb]<\/p>\n<p>&nbsp;<\/p>\n<p>Aqu\u00ed ten\u00e9is los acordes de los cantos del coro para aquellos que no os apa\u00f1\u00e1is bien con las partituras convencionales.<\/p>\n<h3><\/h3>\n<h3><a href=\"http:\/\/paraestarconel.com\/coro\/wp-content\/uploads\/2014\/09\/cancionero-guitarras-sept14.pdf\" target=\"_blank\">CANCIONERO PARA GUITARRAS EN PDF<\/a><\/h3>\n<p>&nbsp;<\/p>\n<p>Damos gracias especialmente a Cris, que se ha pegado la paliza para transcribirlas todas.<\/p>\n<p>[\/et_pb_blurb][\/et_pb_column][\/et_pb_row][\/et_pb_section]<\/p>\n","protected":false},"excerpt":{"rendered":"<p><div class=\"et_pb_section et_pb_section_0 et_section_regular\" >\n\t\t\t\t\n\t\t\t\t\n\t\t\t\t\n\t\t\t\t\n\t\t\t\t\n\t\t\t\t\n\t\t\t\t\n\t\t\t\t\n\t\t\t\t\n\t\t\t<\/div><div class=\"et_pb_row et_pb_row_0 et_pb_row_empty\">\n\t\t\t\t\n\t\t\t\t\n\t\t\t\t\n\t\t\t\t\n\t\t\t\t\n\t\t\t<\/div> &nbsp; Aqu\u00ed ten\u00e9is los acordes de los cantos del coro para aquellos que no os apa\u00f1\u00e1is bien con las partituras convencionales. CANCIONERO PARA GUITARRAS EN PDF &nbsp; Damos gracias especialmente a Cris, que se ha pegado la paliza para transcribirlas todas.<\/p>\n","protected":false},"author":1,"featured_media":0,"parent":0,"menu_order":0,"comment_status":"open","ping_status":"open","template":"","meta":{"_et_pb_use_builder":"on","_et_pb_old_content":"","_et_gb_content_width":"","jetpack_post_was_ever_published":false,"footnotes":""},"class_list":["post-425","page","type-page","status-publish","hentry"],"jetpack_sharing_enabled":true,"jetpack_shortlink":"https:\/\/wp.me\/P44bbC-6R","_links":{"self":[{"href":"https:\/\/paraestarconel.com\/coro\/wp-json\/wp\/v2\/pages\/425","targetHints":{"allow":["GET"]}}],"collection":[{"href":"https:\/\/paraestarconel.com\/coro\/wp-json\/wp\/v2\/pages"}],"about":[{"href":"https:\/\/paraestarconel.com\/coro\/wp-json\/wp\/v2\/types\/page"}],"author":[{"embeddable":true,"href":"https:\/\/paraestarconel.com\/coro\/wp-json\/wp\/v2\/users\/1"}],"replies":[{"embeddable":true,"href":"https:\/\/paraestarconel.com\/coro\/wp-json\/wp\/v2\/comments?post=425"}],"version-history":[{"count":5,"href":"https:\/\/paraestarconel.com\/coro\/wp-json\/wp\/v2\/pages\/425\/revisions"}],"predecessor-version":[{"id":433,"href":"https:\/\/paraestarconel.com\/coro\/wp-json\/wp\/v2\/pages\/425\/revisions\/433"}],"wp:attachment":[{"href":"https:\/\/paraestarconel.com\/coro\/wp-json\/wp\/v2\/media?parent=425"}],"curies":[{"name":"wp","href":"https:\/\/api.w.org\/{rel}","templated":true}]}}