{"id":218,"date":"2014-03-03T10:01:51","date_gmt":"2014-03-03T09:01:51","guid":{"rendered":"http:\/\/paraestarconel.com\/coro\/?page_id=218"},"modified":"2024-09-09T23:34:52","modified_gmt":"2024-09-09T21:34:52","slug":"home","status":"publish","type":"page","link":"https:\/\/paraestarconel.com\/coro\/","title":{"rendered":"Home"},"content":{"rendered":"<p>[et_pb_section fb_built=\u00bb1&#8243; admin_label=\u00bbsection\u00bb _builder_version=\u00bb4.16&#8243; global_colors_info=\u00bb{}\u00bb][et_pb_row admin_label=\u00bbrow\u00bb _builder_version=\u00bb4.16&#8243; background_size=\u00bbinitial\u00bb background_position=\u00bbtop_left\u00bb background_repeat=\u00bbrepeat\u00bb global_colors_info=\u00bb{}\u00bb column_structure=\u00bb2_3,1_3&#8243;][et_pb_column type=\u00bb2_3&#8243; _builder_version=\u00bb4.16&#8243; custom_padding=\u00bb|||\u00bb global_colors_info=\u00bb{}\u00bb custom_padding__hover=\u00bb|||\u00bb][et_pb_video src=\u00bbhttps:\/\/www.youtube.com\/watch?v=lO-FphN68gc\u00bb _builder_version=\u00bb4.27.0&#8243; _module_preset=\u00bbdefault\u00bb hover_enabled=\u00bb0&#8243; sticky_enabled=\u00bb0&#8243;][\/et_pb_video][et_pb_cta title=\u00bb\u00bfQu\u00e9 es el Coro y Orquesta Joven Di\u00f3cesis de Santander?\u00bb admin_label=\u00bbQue es COJDS\u00bb _builder_version=\u00bb4.16&#8243; background_color=\u00bb#ffffff\u00bb background_size=\u00bbinitial\u00bb background_position=\u00bbtop_left\u00bb background_repeat=\u00bbrepeat\u00bb text_orientation=\u00bbleft\u00bb background_layout=\u00bblight\u00bb global_colors_info=\u00bb{}\u00bb button_text_size__hover_enabled=\u00bboff\u00bb button_one_text_size__hover_enabled=\u00bboff\u00bb button_two_text_size__hover_enabled=\u00bboff\u00bb button_text_color__hover_enabled=\u00bboff\u00bb button_one_text_color__hover_enabled=\u00bboff\u00bb button_two_text_color__hover_enabled=\u00bboff\u00bb button_border_width__hover_enabled=\u00bboff\u00bb button_one_border_width__hover_enabled=\u00bboff\u00bb button_two_border_width__hover_enabled=\u00bboff\u00bb button_border_color__hover_enabled=\u00bboff\u00bb button_one_border_color__hover_enabled=\u00bboff\u00bb button_two_border_color__hover_enabled=\u00bboff\u00bb button_border_radius__hover_enabled=\u00bboff\u00bb button_one_border_radius__hover_enabled=\u00bboff\u00bb button_two_border_radius__hover_enabled=\u00bboff\u00bb button_letter_spacing__hover_enabled=\u00bboff\u00bb button_one_letter_spacing__hover_enabled=\u00bboff\u00bb button_two_letter_spacing__hover_enabled=\u00bboff\u00bb button_bg_color__hover_enabled=\u00bboff\u00bb button_one_bg_color__hover_enabled=\u00bboff\u00bb button_two_bg_color__hover_enabled=\u00bboff\u00bb]<\/p>\n<p style=\"text-align: justify;\">El <strong>Coro y Orquesta Joven Di\u00f3cesis de Santander<\/strong> es una agrupaci\u00f3n de m\u00fasicos, j\u00f3venes en su mayor\u00eda, comprometidos con la animaci\u00f3n lit\u00fargica y de otras celebraciones de la Iglesia.<\/p>\n<p style=\"text-align: justify;\">Seleccionando un repertorio musical de calidad y abord\u00e1ndolo con la mayor entrega y profesionalidad, buscan la belleza en la celebraci\u00f3n a la vez que animan la participaci\u00f3n del pueblo con el canto, las palmas, el movimiento\u2026<\/p>\n<p style=\"text-align: justify;\">Para pertenecer al Coro y Orquesta Joven <strong>no es necesario ser m\u00fasico profesional<\/strong>. S\u00f3lo se debe estar iniciado en el lenguaje musical y en el canto o alg\u00fan instrumento. Entre todos podemos aprender y mejorar a la vez que pasamos buenos ratos en compa\u00f1\u00eda de otras personas con nuestro mismo amor a la m\u00fasica.<\/p>\n<p style=\"text-align: justify;\">Principalmente trabajamos on-line, descargando las partituras y ensayando nuestras partes o voces de forma individual o por cuerdas. El gran grupo se reunir\u00e1 una vez al mes de forma ordinaria, aunque podr\u00e1n ir surgiendo ensayos puntuales que se avisar\u00e1n a trav\u00e9s de la web.<\/p>\n<p style=\"text-align: justify;\">La p\u00e1gina web del coro ser\u00e1 el centro neur\u00e1lgico de nuestra actividad. En ella aparecer\u00e1n las piezas que debemos preparar y el calendario de ensayos, as\u00ed como la posibilidad de contacto y otras informaciones al respecto del Coro y Orquesta Joven.<\/p>\n<p style=\"text-align: justify;\">Inicialmente montaremos un repertorio fijo para una eucarist\u00eda y varios cantos m\u00e1s meditativos, adecuados para oraciones y celebraciones fuera de la misa.<\/p>\n<p style=\"text-align: justify;\"><strong>Si te gusta la m\u00fasica<\/strong> y crees que este proyecto es para ti, no dudes en ponerte en contacto con nosotros.<\/p>\n<p style=\"text-align: justify;\"><strong>Si eres animador o profesor<\/strong> y conoces j\u00f3venes perfectos para esta idea, an\u00edmalos a que se unan al Coro y Orquesta Joven.<\/p>\n<p style=\"text-align: justify;\"><strong>Si eres padre, madre, abuelo\/a, sacerdote\u2026<\/strong> y tienes a tu alrededor gente que encaja en este proyecto, inf\u00f3rmales y que vengan a conocernos.<\/p>\n<p>[\/et_pb_cta][et_pb_image src=\u00bbhttp:\/\/paraestarconel.com\/coro\/wp-content\/uploads\/2014\/03\/cartel.png\u00bb alt=\u00bbCoro y Orquesta Joven Di\u00f3cesis de Santander\u00bb url=\u00bbhttp:\/\/paraestarconel.com\/coro\/wp-content\/uploads\/2015\/09\/cartel.pdf\u00bb url_new_window=\u00bbon\u00bb align_tablet=\u00bbcenter\u00bb align_last_edited=\u00bbon|desktop\u00bb admin_label=\u00bbcartel\u00bb _builder_version=\u00bb4.16&#8243; animation_style=\u00bbslide\u00bb animation_direction=\u00bbleft\u00bb animation_duration=\u00bb500ms\u00bb animation_intensity_slide=\u00bb10%\u00bb use_border_color=\u00bboff\u00bb border_color=\u00bb#ffffff\u00bb border_style=\u00bbsolid\u00bb animation=\u00bbleft\u00bb sticky=\u00bboff\u00bb always_center_on_mobile=\u00bbon\u00bb global_colors_info=\u00bb{}\u00bb align_phone=\u00bbcenter\u00bb] [\/et_pb_image][\/et_pb_column][et_pb_column type=\u00bb1_3&#8243; _builder_version=\u00bb4.16&#8243; custom_padding=\u00bb|||\u00bb global_colors_info=\u00bb{}\u00bb custom_padding__hover=\u00bb|||\u00bb][et_pb_sidebar area=\u00bbsidebar-1&#8243; admin_label=\u00bbcalendario\u00bb _builder_version=\u00bb4.16&#8243; remove_border=\u00bboff\u00bb global_colors_info=\u00bb{}\u00bb] [\/et_pb_sidebar][et_pb_blog fullwidth=\u00bboff\u00bb include_categories=\u00bb2&#8243; show_thumbnail=\u00bboff\u00bb show_author=\u00bboff\u00bb show_date=\u00bboff\u00bb show_categories=\u00bboff\u00bb show_pagination=\u00bboff\u00bb admin_label=\u00bbCantos\u00bb _builder_version=\u00bb4.16&#8243; global_colors_info=\u00bb{}\u00bb] [\/et_pb_blog][\/et_pb_column][\/et_pb_row][\/et_pb_section]<\/p>\n","protected":false},"excerpt":{"rendered":"<p>El Coro y Orquesta Joven Di\u00f3cesis de Santander es una agrupaci\u00f3n de m\u00fasicos, j\u00f3venes en su mayor\u00eda, comprometidos con la animaci\u00f3n lit\u00fargica y de otras celebraciones de la Iglesia. Seleccionando un repertorio musical de calidad y abord\u00e1ndolo con la mayor entrega y profesionalidad, buscan la belleza en la celebraci\u00f3n a la vez que animan la [&hellip;]<\/p>\n","protected":false},"author":1,"featured_media":0,"parent":0,"menu_order":0,"comment_status":"open","ping_status":"open","template":"","meta":{"_et_pb_use_builder":"on","_et_pb_old_content":"","_et_gb_content_width":"","jetpack_post_was_ever_published":false,"footnotes":""},"class_list":["post-218","page","type-page","status-publish","hentry"],"jetpack_sharing_enabled":false,"jetpack_shortlink":"https:\/\/wp.me\/P44bbC-3w","_links":{"self":[{"href":"https:\/\/paraestarconel.com\/coro\/wp-json\/wp\/v2\/pages\/218","targetHints":{"allow":["GET"]}}],"collection":[{"href":"https:\/\/paraestarconel.com\/coro\/wp-json\/wp\/v2\/pages"}],"about":[{"href":"https:\/\/paraestarconel.com\/coro\/wp-json\/wp\/v2\/types\/page"}],"author":[{"embeddable":true,"href":"https:\/\/paraestarconel.com\/coro\/wp-json\/wp\/v2\/users\/1"}],"replies":[{"embeddable":true,"href":"https:\/\/paraestarconel.com\/coro\/wp-json\/wp\/v2\/comments?post=218"}],"version-history":[{"count":26,"href":"https:\/\/paraestarconel.com\/coro\/wp-json\/wp\/v2\/pages\/218\/revisions"}],"predecessor-version":[{"id":653,"href":"https:\/\/paraestarconel.com\/coro\/wp-json\/wp\/v2\/pages\/218\/revisions\/653"}],"wp:attachment":[{"href":"https:\/\/paraestarconel.com\/coro\/wp-json\/wp\/v2\/media?parent=218"}],"curies":[{"name":"wp","href":"https:\/\/api.w.org\/{rel}","templated":true}]}}