{"id":2,"date":"2013-08-16T12:26:20","date_gmt":"2013-08-16T12:26:20","guid":{"rendered":"http:\/\/paraestarconel.com\/coro\/\/?page_id=2"},"modified":"2013-11-04T19:19:17","modified_gmt":"2013-11-04T18:19:17","slug":"about","status":"publish","type":"page","link":"https:\/\/paraestarconel.com\/coro\/about\/","title":{"rendered":"\u00bfQu\u00e9 es el COJDS?"},"content":{"rendered":"<p><a href=\"https:\/\/i0.wp.com\/paraestarconel.com\/coro\/wp-content\/uploads\/2013\/08\/cartel-coro-orquesta.png\"><img data-recalc-dims=\"1\" loading=\"lazy\" decoding=\"async\" class=\"alignleft  wp-image-101\" style=\"margin: 9px;\" alt=\"cartel-coro-orquesta\" src=\"https:\/\/i0.wp.com\/paraestarconel.com\/coro\/wp-content\/uploads\/2013\/08\/cartel-coro-orquesta-723x1024.png?resize=347%2C491\" width=\"347\" height=\"491\" srcset=\"https:\/\/i0.wp.com\/paraestarconel.com\/coro\/wp-content\/uploads\/2013\/08\/cartel-coro-orquesta.png?resize=723%2C1024&amp;ssl=1 723w, https:\/\/i0.wp.com\/paraestarconel.com\/coro\/wp-content\/uploads\/2013\/08\/cartel-coro-orquesta.png?resize=212%2C300&amp;ssl=1 212w, https:\/\/i0.wp.com\/paraestarconel.com\/coro\/wp-content\/uploads\/2013\/08\/cartel-coro-orquesta.png?w=842&amp;ssl=1 842w\" sizes=\"(max-width: 347px) 100vw, 347px\" \/><\/a>El <strong>Coro y Orquesta Joven Di\u00f3cesis de Santander<\/strong> es una agrupaci\u00f3n de m\u00fasicos, j\u00f3venes en su mayor\u00eda, comprometidos con la animaci\u00f3n lit\u00fargica y de otras celebraciones de la Iglesia.<\/p>\n<p>Seleccionando un repertorio musical de calidad y abord\u00e1ndolo con la mayor entrega y profesionalidad, buscan la belleza en la celebraci\u00f3n a la vez que animan la participaci\u00f3n del pueblo con el canto, las palmas, el movimiento\u2026<\/p>\n<p>Para pertenecer al Coro y Orquesta Joven <strong>no es necesario ser m\u00fasico profesional<\/strong>. S\u00f3lo se debe estar iniciado en el lenguaje musical y en el canto o alg\u00fan instrumento. Entre todos podemos aprender y mejorar a la vez que pasamos buenos ratos en compa\u00f1\u00eda de otras personas con nuestro mismo amor a la m\u00fasica.<\/p>\n<p>Principalmente trabajamos on-line, descargando las partituras y ensayando nuestras partes o voces de forma individual o por cuerdas. El gran grupo se reunir\u00e1 una vez al mes de forma ordinaria, aunque podr\u00e1n ir surgiendo ensayos puntuales que se avisar\u00e1n a trav\u00e9s de la web.<\/p>\n<p>La p\u00e1gina web del coro ser\u00e1 el centro neur\u00e1lgico de nuestra actividad. En ella aparecer\u00e1n las piezas que debemos preparar y el calendario de ensayos, as\u00ed como la posibilidad de contacto y otras informaciones al respecto del Coro y Orquesta Joven.<\/p>\n<p>Inicialmente montaremos un repertorio fijo para una eucarist\u00eda y varios cantos m\u00e1s meditativos, adecuados para oraciones y celebraciones fuera de la misa.<\/p>\n<p><strong>Si te gusta la m\u00fasica<\/strong> y crees que este proyecto es para ti, no dudes en ponerte en contacto con nosotros.<\/p>\n<p><strong>Si eres animador o profesor<\/strong> y conoces j\u00f3venes perfectos para esta idea, an\u00edmalos a que se unan al Coro y Orquesta Joven.<\/p>\n<p><strong>Si eres padre, madre, abuelo\/a, sacerdote\u2026<\/strong> y tienes a tu alrededor gente que encaja en este proyecto, inf\u00f3rmales y que vengan a conocernos.<\/p>\n","protected":false},"excerpt":{"rendered":"<p>El Coro y Orquesta Joven Di\u00f3cesis de Santander es una agrupaci\u00f3n de m\u00fasicos, j\u00f3venes en su mayor\u00eda, comprometidos con la animaci\u00f3n lit\u00fargica y de otras celebraciones de la Iglesia. Seleccionando un repertorio musical de calidad y abord\u00e1ndolo con la mayor entrega y profesionalidad, buscan la belleza en la celebraci\u00f3n a la vez que animan la [&hellip;]<\/p>\n","protected":false},"author":1,"featured_media":86,"parent":0,"menu_order":0,"comment_status":"open","ping_status":"open","template":"","meta":{"_et_pb_use_builder":"","_et_pb_old_content":"","_et_gb_content_width":"","jetpack_post_was_ever_published":false,"footnotes":""},"class_list":["post-2","page","type-page","status-publish","has-post-thumbnail","hentry"],"jetpack_sharing_enabled":true,"jetpack_shortlink":"https:\/\/wp.me\/P44bbC-2","_links":{"self":[{"href":"https:\/\/paraestarconel.com\/coro\/wp-json\/wp\/v2\/pages\/2","targetHints":{"allow":["GET"]}}],"collection":[{"href":"https:\/\/paraestarconel.com\/coro\/wp-json\/wp\/v2\/pages"}],"about":[{"href":"https:\/\/paraestarconel.com\/coro\/wp-json\/wp\/v2\/types\/page"}],"author":[{"embeddable":true,"href":"https:\/\/paraestarconel.com\/coro\/wp-json\/wp\/v2\/users\/1"}],"replies":[{"embeddable":true,"href":"https:\/\/paraestarconel.com\/coro\/wp-json\/wp\/v2\/comments?post=2"}],"version-history":[{"count":2,"href":"https:\/\/paraestarconel.com\/coro\/wp-json\/wp\/v2\/pages\/2\/revisions"}],"predecessor-version":[{"id":102,"href":"https:\/\/paraestarconel.com\/coro\/wp-json\/wp\/v2\/pages\/2\/revisions\/102"}],"wp:featuredmedia":[{"embeddable":true,"href":"https:\/\/paraestarconel.com\/coro\/wp-json\/wp\/v2\/media\/86"}],"wp:attachment":[{"href":"https:\/\/paraestarconel.com\/coro\/wp-json\/wp\/v2\/media?parent=2"}],"curies":[{"name":"wp","href":"https:\/\/api.w.org\/{rel}","templated":true}]}}